{"id":2444,"date":"2021-03-19T07:18:30","date_gmt":"2021-03-19T07:18:30","guid":{"rendered":"http:\/\/www.formatstudio.ro\/v1\/?page_id=2444"},"modified":"2021-06-22T14:14:26","modified_gmt":"2021-06-22T14:14:26","slug":"our-work","status":"publish","type":"page","link":"https:\/\/www.formatstudio.ro\/v1\/our-work\/","title":{"rendered":"Our work"},"content":{"rendered":"<p>[vc_row][vc_column]<div class=\"edgtf-portfolio-list-holder edgtf-grid-list edgtf-pl-gallery edgtf-two-columns edgtf-normal-space  edgtf-pl-standard   edgtf-pl-hover-rotate  edgtf-pl-pag-load-more edgtf-pl-has-filter       \"  data-type=gallery data-number-of-rows=two data-number-of-columns=two data-number-of-items=6 data-image-proportions=full data-enable-fixed-proportions=no data-enable-image-shadow=no data-category=new data-orderby=date data-order=ASC data-item-style=standard data-hover-style=rotate data-enable-title=yes data-title-tag=h5 data-enable-custom-text=yes data-enable-author=yes data-enable-category=no data-enable-count-images=yes data-enable-excerpt=no data-excerpt-length=20 data-pagination-type=load-more data-load-more-top-margin=20px data-filter=yes data-filter-order-by=name data-enable-article-animation=no data-enable-middle-column-offset=no data-portfolio-slider-on=no data-enable-loop=yes data-enable-autoplay=yes data-slider-speed=5000 data-slider-speed-animation=600 data-slider-padding=no data-enable-navigation=yes data-enable-pagination=yes data-button-target=_self data-enable-counter=yes data-enable-button=yes data-max-num-pages=3 data-next-page=2>\n\t    <div class=\"edgtf-pl-filter-holder\" >\n        <div class=\"edgtf-plf-inner\">\n                            <div class=\"edgtf-filter-label-holder\">\n                    <a href=\"#\" class=\"edgtf-filter-label-link\">\n                        <span class=\"edgtf-filter-label\">filter<\/span>\n                        <span class=\"edgtf-filter-icon\"><span aria-hidden=\"true\" class=\"edgtf-icon-font-elegant icon_plus \" ><\/span><\/span>\n                    <\/a>\n                    <ul class=\"edgtf-pl-filter-items\" >\n                        <li class=\"edgtf-pl-filter show-all\" data-filter=\"\">\n                            <span>show all<\/span>\n                        <\/li>\n                                                    <li class=\"edgtf-pl-filter\" data-filter=\".portfolio-category-branded-content\">\n                                <span>Branded content<\/span>\n                            <\/li>\n                                                    <li class=\"edgtf-pl-filter\" data-filter=\".portfolio-category-documentaries\">\n                                <span>Documentaries<\/span>\n                            <\/li>\n                                                    <li class=\"edgtf-pl-filter\" data-filter=\".portfolio-category-interviews\">\n                                <span>Interviews<\/span>\n                            <\/li>\n                                                    <li class=\"edgtf-pl-filter\" data-filter=\".portfolio-category-music-videos\">\n                                <span>Music videos<\/span>\n                            <\/li>\n                                                    <li class=\"edgtf-pl-filter\" data-filter=\".portfolio-category-tv-commercials\">\n                                <span>TV Commercials<\/span>\n                            <\/li>\n                                            <\/ul>\n                <\/div>\n                    <\/div>\n    <\/div>\n\t<div class=\"edgtf-pl-inner edgtf-outer-space edgtf-pl-rows-two   clearfix\">\n\t\t<article class=\"edgtf-pl-item edgtf-item-space  post-2661 portfolio-item type-portfolio-item status-publish has-post-thumbnail hentry portfolio-category-tv-commercials\">\n\t<div class=\"edgtf-pl-item-inner\">\n\t\t\n<div class=\"edgtf-pli-text-holder-top\" >\n    <div class=\"edgtf-pli-text-wrapper\">\n        <div class=\"edgtf-pli-text\">\n            \t<h5 itemprop=\"name\" class=\"edgtf-pli-title entry-title\" >\n\t\tTVC Media Galaxy | Dorinel\t<\/h5>\n\n                    <\/div>\n    <\/div>\n<\/div>\n\n<div class=\"edgtf-pli-image\">\n\t<img width=\"795\" height=\"446\" src=\"https:\/\/www.formatstudio.ro\/v1\/wp-content\/uploads\/2021\/06\/vlcsnap-2021-06-09-16h54m43s311.png\" class=\"attachment-full size-full wp-post-image\" alt=\"\" decoding=\"async\" loading=\"lazy\" srcset=\"https:\/\/www.formatstudio.ro\/v1\/wp-content\/uploads\/2021\/06\/vlcsnap-2021-06-09-16h54m43s311.png 795w, https:\/\/www.formatstudio.ro\/v1\/wp-content\/uploads\/2021\/06\/vlcsnap-2021-06-09-16h54m43s311-300x168.png 300w, https:\/\/www.formatstudio.ro\/v1\/wp-content\/uploads\/2021\/06\/vlcsnap-2021-06-09-16h54m43s311-768x431.png 768w, https:\/\/www.formatstudio.ro\/v1\/wp-content\/uploads\/2021\/06\/vlcsnap-2021-06-09-16h54m43s311-500x281.png 500w\" sizes=\"(max-width: 795px) 100vw, 795px\" \/><\/div>\n<div class=\"edgtf-pli-text-holder-bottom\" >\n    <div class=\"edgtf-pli-text-wrapper\">\n        <div class=\"edgtf-pli-text\">\n            \n            \n                    <\/div>\n    <\/div>\n<\/div>\n\n\t\t<a itemprop=\"url\" class=\"edgtf-pli-link edgtf-block-drag-link\" href=\"https:\/\/www.formatstudio.ro\/v1\/portfolio-item\/tvc-media-galaxy-dorinel\/\" target=\"_self\"><\/a>\n\t<\/div>\n<\/article><article class=\"edgtf-pl-item edgtf-item-space  post-2667 portfolio-item type-portfolio-item status-publish has-post-thumbnail hentry portfolio-category-tv-commercials\">\n\t<div class=\"edgtf-pl-item-inner\">\n\t\t\n<div class=\"edgtf-pli-text-holder-top\" >\n    <div class=\"edgtf-pli-text-wrapper\">\n        <div class=\"edgtf-pli-text\">\n            \t<h5 itemprop=\"name\" class=\"edgtf-pli-title entry-title\" >\n\t\tTVC Regina Maria | Re\u021beaua Privat\u0103 de S\u0103natate\t<\/h5>\n\n                    <\/div>\n    <\/div>\n<\/div>\n\n<div class=\"edgtf-pli-image\">\n\t<img width=\"795\" height=\"446\" src=\"https:\/\/www.formatstudio.ro\/v1\/wp-content\/uploads\/2021\/06\/masti.jpg\" class=\"attachment-full size-full wp-post-image\" alt=\"\" decoding=\"async\" loading=\"lazy\" srcset=\"https:\/\/www.formatstudio.ro\/v1\/wp-content\/uploads\/2021\/06\/masti.jpg 795w, https:\/\/www.formatstudio.ro\/v1\/wp-content\/uploads\/2021\/06\/masti-300x168.jpg 300w, https:\/\/www.formatstudio.ro\/v1\/wp-content\/uploads\/2021\/06\/masti-768x431.jpg 768w, https:\/\/www.formatstudio.ro\/v1\/wp-content\/uploads\/2021\/06\/masti-500x281.jpg 500w\" sizes=\"(max-width: 795px) 100vw, 795px\" \/><\/div>\n<div class=\"edgtf-pli-text-holder-bottom\" >\n    <div class=\"edgtf-pli-text-wrapper\">\n        <div class=\"edgtf-pli-text\">\n            \n            \n                    <\/div>\n    <\/div>\n<\/div>\n\n\t\t<a itemprop=\"url\" class=\"edgtf-pli-link edgtf-block-drag-link\" href=\"https:\/\/www.formatstudio.ro\/v1\/portfolio-item\/tvc-regina-maria-reteaua-privata-de-sanatate\/\" target=\"_self\"><\/a>\n\t<\/div>\n<\/article><article class=\"edgtf-pl-item edgtf-item-space  post-2669 portfolio-item type-portfolio-item status-publish has-post-thumbnail hentry portfolio-category-branded-content\">\n\t<div class=\"edgtf-pl-item-inner\">\n\t\t\n<div class=\"edgtf-pli-text-holder-top\" >\n    <div class=\"edgtf-pli-text-wrapper\">\n        <div class=\"edgtf-pli-text\">\n            \t<h5 itemprop=\"name\" class=\"edgtf-pli-title entry-title\" >\n\t\tREGINA MARIA | Re\u021beaua Privat\u0103 de S\u0103n\u0103tate 1st June campaign\t<\/h5>\n\n                    <\/div>\n    <\/div>\n<\/div>\n\n<div class=\"edgtf-pli-image\">\n\t<img width=\"795\" height=\"446\" src=\"https:\/\/www.formatstudio.ro\/v1\/wp-content\/uploads\/2021\/06\/1iunie.jpg\" class=\"attachment-full size-full wp-post-image\" alt=\"\" decoding=\"async\" loading=\"lazy\" srcset=\"https:\/\/www.formatstudio.ro\/v1\/wp-content\/uploads\/2021\/06\/1iunie.jpg 795w, https:\/\/www.formatstudio.ro\/v1\/wp-content\/uploads\/2021\/06\/1iunie-300x168.jpg 300w, https:\/\/www.formatstudio.ro\/v1\/wp-content\/uploads\/2021\/06\/1iunie-768x431.jpg 768w, https:\/\/www.formatstudio.ro\/v1\/wp-content\/uploads\/2021\/06\/1iunie-500x281.jpg 500w\" sizes=\"(max-width: 795px) 100vw, 795px\" \/><\/div>\n<div class=\"edgtf-pli-text-holder-bottom\" >\n    <div class=\"edgtf-pli-text-wrapper\">\n        <div class=\"edgtf-pli-text\">\n            \n            \n                    <\/div>\n    <\/div>\n<\/div>\n\n\t\t<a itemprop=\"url\" class=\"edgtf-pli-link edgtf-block-drag-link\" href=\"https:\/\/www.formatstudio.ro\/v1\/portfolio-item\/regina-maria-reteaua-privata-de-sanatate-1st-june-campaign\/\" target=\"_self\"><\/a>\n\t<\/div>\n<\/article><article class=\"edgtf-pl-item edgtf-item-space  post-2671 portfolio-item type-portfolio-item status-publish has-post-thumbnail hentry portfolio-category-branded-content\">\n\t<div class=\"edgtf-pl-item-inner\">\n\t\t\n<div class=\"edgtf-pli-text-holder-top\" >\n    <div class=\"edgtf-pli-text-wrapper\">\n        <div class=\"edgtf-pli-text\">\n            \t<h5 itemprop=\"name\" class=\"edgtf-pli-title entry-title\" >\n\t\tGreenpeace campaign | Prosumatorul\t<\/h5>\n\n                    <\/div>\n    <\/div>\n<\/div>\n\n<div class=\"edgtf-pli-image\">\n\t<img width=\"795\" height=\"446\" src=\"https:\/\/www.formatstudio.ro\/v1\/wp-content\/uploads\/2021\/06\/greenpeace.jpg\" class=\"attachment-full size-full wp-post-image\" alt=\"\" decoding=\"async\" loading=\"lazy\" srcset=\"https:\/\/www.formatstudio.ro\/v1\/wp-content\/uploads\/2021\/06\/greenpeace.jpg 795w, https:\/\/www.formatstudio.ro\/v1\/wp-content\/uploads\/2021\/06\/greenpeace-300x168.jpg 300w, https:\/\/www.formatstudio.ro\/v1\/wp-content\/uploads\/2021\/06\/greenpeace-768x431.jpg 768w, https:\/\/www.formatstudio.ro\/v1\/wp-content\/uploads\/2021\/06\/greenpeace-500x281.jpg 500w\" sizes=\"(max-width: 795px) 100vw, 795px\" \/><\/div>\n<div class=\"edgtf-pli-text-holder-bottom\" >\n    <div class=\"edgtf-pli-text-wrapper\">\n        <div class=\"edgtf-pli-text\">\n            \n            \n                    <\/div>\n    <\/div>\n<\/div>\n\n\t\t<a itemprop=\"url\" class=\"edgtf-pli-link edgtf-block-drag-link\" href=\"https:\/\/www.formatstudio.ro\/v1\/portfolio-item\/greenpeace-campaign-prosumatorul\/\" target=\"_self\"><\/a>\n\t<\/div>\n<\/article><article class=\"edgtf-pl-item edgtf-item-space  post-2673 portfolio-item type-portfolio-item status-publish has-post-thumbnail hentry portfolio-category-music-videos\">\n\t<div class=\"edgtf-pl-item-inner\">\n\t\t\n<div class=\"edgtf-pli-text-holder-top\" >\n    <div class=\"edgtf-pli-text-wrapper\">\n        <div class=\"edgtf-pli-text\">\n            \t<h5 itemprop=\"name\" class=\"edgtf-pli-title entry-title\" >\n\t\tKosmic Blues | Bamboo &amp; Rice\t<\/h5>\n\n                    <\/div>\n    <\/div>\n<\/div>\n\n<div class=\"edgtf-pli-image\">\n\t<img width=\"795\" height=\"446\" src=\"https:\/\/www.formatstudio.ro\/v1\/wp-content\/uploads\/2021\/06\/bamboo.jpg\" class=\"attachment-full size-full wp-post-image\" alt=\"\" decoding=\"async\" loading=\"lazy\" srcset=\"https:\/\/www.formatstudio.ro\/v1\/wp-content\/uploads\/2021\/06\/bamboo.jpg 795w, https:\/\/www.formatstudio.ro\/v1\/wp-content\/uploads\/2021\/06\/bamboo-300x168.jpg 300w, https:\/\/www.formatstudio.ro\/v1\/wp-content\/uploads\/2021\/06\/bamboo-768x431.jpg 768w, https:\/\/www.formatstudio.ro\/v1\/wp-content\/uploads\/2021\/06\/bamboo-500x281.jpg 500w\" sizes=\"(max-width: 795px) 100vw, 795px\" \/><\/div>\n<div class=\"edgtf-pli-text-holder-bottom\" >\n    <div class=\"edgtf-pli-text-wrapper\">\n        <div class=\"edgtf-pli-text\">\n            \n            \n                    <\/div>\n    <\/div>\n<\/div>\n\n\t\t<a itemprop=\"url\" class=\"edgtf-pli-link edgtf-block-drag-link\" href=\"https:\/\/www.formatstudio.ro\/v1\/portfolio-item\/kosmic-blues-bamboo-rice\/\" target=\"_self\"><\/a>\n\t<\/div>\n<\/article><article class=\"edgtf-pl-item edgtf-item-space  post-2675 portfolio-item type-portfolio-item status-publish has-post-thumbnail hentry portfolio-category-music-videos\">\n\t<div class=\"edgtf-pl-item-inner\">\n\t\t\n<div class=\"edgtf-pli-text-holder-top\" >\n    <div class=\"edgtf-pli-text-wrapper\">\n        <div class=\"edgtf-pli-text\">\n            \t<h5 itemprop=\"name\" class=\"edgtf-pli-title entry-title\" >\n\t\tCinema Aurora | Eterna ca Aaliyah\t<\/h5>\n\n                    <\/div>\n    <\/div>\n<\/div>\n\n<div class=\"edgtf-pli-image\">\n\t<img width=\"795\" height=\"446\" src=\"https:\/\/www.formatstudio.ro\/v1\/wp-content\/uploads\/2021\/06\/cinema.jpg\" class=\"attachment-full size-full wp-post-image\" alt=\"\" decoding=\"async\" loading=\"lazy\" srcset=\"https:\/\/www.formatstudio.ro\/v1\/wp-content\/uploads\/2021\/06\/cinema.jpg 795w, https:\/\/www.formatstudio.ro\/v1\/wp-content\/uploads\/2021\/06\/cinema-300x168.jpg 300w, https:\/\/www.formatstudio.ro\/v1\/wp-content\/uploads\/2021\/06\/cinema-768x431.jpg 768w, https:\/\/www.formatstudio.ro\/v1\/wp-content\/uploads\/2021\/06\/cinema-500x281.jpg 500w\" sizes=\"(max-width: 795px) 100vw, 795px\" \/><\/div>\n<div class=\"edgtf-pli-text-holder-bottom\" >\n    <div class=\"edgtf-pli-text-wrapper\">\n        <div class=\"edgtf-pli-text\">\n            \n            \n                    <\/div>\n    <\/div>\n<\/div>\n\n\t\t<a itemprop=\"url\" class=\"edgtf-pli-link edgtf-block-drag-link\" href=\"https:\/\/www.formatstudio.ro\/v1\/portfolio-item\/cinema-aurora-eterna-ca-aaliyah\/\" target=\"_self\"><\/a>\n\t<\/div>\n<\/article>\t<\/div>\n\t\n\t\t<div class=\"edgtf-pl-loading\">\n\t\t<div class=\"edgtf-pl-loading-bounce1\"><\/div>\n\t\t<div class=\"edgtf-pl-loading-bounce2\"><\/div>\n\t\t<div class=\"edgtf-pl-loading-bounce3\"><\/div>\n\t<\/div>\n\t<div class=\"edgtf-pl-load-more-holder\">\n\t\t<div class=\"edgtf-pl-load-more\" style=\"margin-top: 20px\">\n\t\t\t<a itemprop=\"url\" href=\"\" target=\"_self\"  class=\"edgtf-btn edgtf-btn-large edgtf-btn-box\"  >    <span class=\"edgtf-btn-text\">LOAD MORE<\/span>    <\/a>\t\t<\/div>\n\t<\/div>\n<\/div>[\/vc_column][\/vc_row]<\/p>\n","protected":false},"excerpt":{"rendered":"<p>[vc_row][vc_column][\/vc_column][\/vc_row]<\/p>\n","protected":false},"author":1,"featured_media":0,"parent":0,"menu_order":0,"comment_status":"closed","ping_status":"closed","template":"","meta":[],"_links":{"self":[{"href":"https:\/\/www.formatstudio.ro\/v1\/wp-json\/wp\/v2\/pages\/2444"}],"collection":[{"href":"https:\/\/www.formatstudio.ro\/v1\/wp-json\/wp\/v2\/pages"}],"about":[{"href":"https:\/\/www.formatstudio.ro\/v1\/wp-json\/wp\/v2\/types\/page"}],"author":[{"embeddable":true,"href":"https:\/\/www.formatstudio.ro\/v1\/wp-json\/wp\/v2\/users\/1"}],"replies":[{"embeddable":true,"href":"https:\/\/www.formatstudio.ro\/v1\/wp-json\/wp\/v2\/comments?post=2444"}],"version-history":[{"count":2,"href":"https:\/\/www.formatstudio.ro\/v1\/wp-json\/wp\/v2\/pages\/2444\/revisions"}],"predecessor-version":[{"id":2563,"href":"https:\/\/www.formatstudio.ro\/v1\/wp-json\/wp\/v2\/pages\/2444\/revisions\/2563"}],"wp:attachment":[{"href":"https:\/\/www.formatstudio.ro\/v1\/wp-json\/wp\/v2\/media?parent=2444"}],"curies":[{"name":"wp","href":"https:\/\/api.w.org\/{rel}","templated":true}]}}